{"id":100,"date":"2022-09-02T11:37:28","date_gmt":"2022-09-02T11:37:28","guid":{"rendered":"https:\/\/www.lks-concept.de\/?page_id=100"},"modified":"2022-10-05T09:43:34","modified_gmt":"2022-10-05T07:43:34","slug":"about-us","status":"publish","type":"page","link":"https:\/\/www.lks-concept.de\/en\/ueber-uns\/","title":{"rendered":"About us"},"content":{"rendered":"<div data-elementor-type=\"wp-page\" data-elementor-id=\"100\" class=\"elementor elementor-100\" data-elementor-post-type=\"page\">\n\t\t\t\t\t\t<section class=\"elementor-section elementor-top-section elementor-element elementor-element-9debca2 elementor-section-boxed elementor-section-height-default elementor-section-height-default\" data-id=\"9debca2\" data-element_type=\"section\" data-e-type=\"section\">\n\t\t\t\t\t\t<div class=\"elementor-container elementor-column-gap-default\">\n\t\t\t\t\t<div class=\"elementor-column elementor-col-100 elementor-top-column elementor-element elementor-element-ec417a5\" data-id=\"ec417a5\" data-element_type=\"column\" data-e-type=\"column\">\n\t\t\t<div class=\"elementor-widget-wrap elementor-element-populated\">\n\t\t\t\t\t\t<div class=\"elementor-element elementor-element-f633e4f elementor-widget elementor-widget-text-editor\" data-id=\"f633e4f\" data-element_type=\"widget\" data-e-type=\"widget\" data-widget_type=\"text-editor.default\">\n\t\t\t\t<div class=\"elementor-widget-container\">\n\t\t\t\t\t\t\t\t\t<h1>About the LKS\u00ae Service Network of Concept GmbH<\/h1>\t\t\t\t\t\t\t\t<\/div>\n\t\t\t\t<\/div>\n\t\t\t\t<section class=\"elementor-section elementor-inner-section elementor-element elementor-element-456d6aa elementor-section-boxed elementor-section-height-default elementor-section-height-default\" data-id=\"456d6aa\" data-element_type=\"section\" data-e-type=\"section\">\n\t\t\t\t\t\t<div class=\"elementor-container elementor-column-gap-default\">\n\t\t\t\t\t<div class=\"elementor-column elementor-col-50 elementor-inner-column elementor-element elementor-element-7d5b593\" data-id=\"7d5b593\" data-element_type=\"column\" data-e-type=\"column\">\n\t\t\t<div class=\"elementor-widget-wrap elementor-element-populated\">\n\t\t\t\t\t\t<div class=\"elementor-element elementor-element-4bb6a90 elementor-widget elementor-widget-text-editor\" data-id=\"4bb6a90\" data-element_type=\"widget\" data-e-type=\"widget\" data-widget_type=\"text-editor.default\">\n\t\t\t\t<div class=\"elementor-widget-container\">\n\t\t\t\t\t\t\t\t\t<h3>A network that makes everyone strong<\/h3><p>Every great idea always starts with the first step. Our idea was to be able to offer a comprehensive service for start-ups with two workplaces as well as for large corporations. We did not only want to sell new equipment but also to be a contact for our customers for maintenance, repairs, and spare parts deliveries - and this independently of the manufacturer, the location, and the service employee.<\/p>\t\t\t\t\t\t\t\t<\/div>\n\t\t\t\t<\/div>\n\t\t\t\t\t<\/div>\n\t\t<\/div>\n\t\t\t\t<div class=\"elementor-column elementor-col-50 elementor-inner-column elementor-element elementor-element-962d3d8\" data-id=\"962d3d8\" data-element_type=\"column\" data-e-type=\"column\">\n\t\t\t<div class=\"elementor-widget-wrap elementor-element-populated\">\n\t\t\t\t\t\t<div class=\"elementor-element elementor-element-425138a elementor-widget elementor-widget-text-editor\" data-id=\"425138a\" data-element_type=\"widget\" data-e-type=\"widget\" data-widget_type=\"text-editor.default\">\n\t\t\t\t<div class=\"elementor-widget-container\">\n\t\t\t\t\t\t\t\t\t<p>We were able to realise this vision thanks to a broad network. More than 100 service and solution partners for office communication and organisation in Europe, with a focus on Germany and Austria, are now part of the LKS\u00ae Group network. This means that even smaller specialist dealers are able to offer their customers a comprehensive and standardised complete service for printers and other office equipment. Each of our partners can guarantee uniform service standards across countries - covering all aspects of rollout, maintenance, cleaning, repair, and supply of consumables.<\/p>\t\t\t\t\t\t\t\t<\/div>\n\t\t\t\t<\/div>\n\t\t\t\t\t<\/div>\n\t\t<\/div>\n\t\t\t\t\t<\/div>\n\t\t<\/section>\n\t\t\t\t<div class=\"elementor-element elementor-element-871f219 elementor-widget elementor-widget-text-editor\" data-id=\"871f219\" data-element_type=\"widget\" data-e-type=\"widget\" data-widget_type=\"text-editor.default\">\n\t\t\t\t<div class=\"elementor-widget-container\">\n\t\t\t\t\t\t\t\t\t<h2>A brief look back...<\/h2><p>The birth of our company and the later LKS\u00ae service took place in 1995. Founder and managing director Adam Wolf actually came from a tool and jig making background, but was no longer able to pursue his work for health reasons. He took up a business idea from Hamburg and went into business for himself with a toner cartridge recycling service. Through the close contact with customers during the delivery of toners, Adam Wolf recognised the great need for a repair service. The founder then trained himself further without further ado and attended countless courses, thanks to which he expanded his knowledge. Numerous new customers were won in the Ingolstadt area. Word of the quality of our services spread quickly, so that enquiries started coming in from the Frankfurt area. However, the aim was to offer exactly the same quality of service at other locations as well.<\/p><h3>The solution: a standardised, location-independent printer service<\/h3><p>Specialist dealers were specially trained in the LKS\u00ae printer service and were therefore able to offer the same standard that customers from the Ingolstadt area were used to. This is how a toner recycling service became the first standardised printer repair service worldwide. To this day, the company in Reichertshofen is the training and certification centre for all partners in the network. Currently, more than 100 LKS\u00ae partners in Germany, Austria and the Netherlands belong to the network. The same response times, uniform hourly rates and prices for spare parts can be offered at every location.<\/p>\t\t\t\t\t\t\t\t<\/div>\n\t\t\t\t<\/div>\n\t\t\t\t\t<\/div>\n\t\t<\/div>\n\t\t\t\t\t<\/div>\n\t\t<\/section>\n\t\t\t\t<section class=\"elementor-section elementor-top-section elementor-element elementor-element-16dd33e elementor-section-boxed elementor-section-height-default elementor-section-height-default\" data-id=\"16dd33e\" data-element_type=\"section\" data-e-type=\"section\" data-settings=\"{&quot;background_background&quot;:&quot;gradient&quot;}\">\n\t\t\t\t\t\t<div class=\"elementor-container elementor-column-gap-default\">\n\t\t\t\t\t<div class=\"elementor-column elementor-col-66 elementor-top-column elementor-element elementor-element-7e06dd8\" data-id=\"7e06dd8\" data-element_type=\"column\" data-e-type=\"column\">\n\t\t\t<div class=\"elementor-widget-wrap elementor-element-populated\">\n\t\t\t\t\t\t<div class=\"elementor-element elementor-element-5a8f626 elementor-widget elementor-widget-text-editor\" data-id=\"5a8f626\" data-element_type=\"widget\" data-e-type=\"widget\" data-widget_type=\"text-editor.default\">\n\t\t\t\t<div class=\"elementor-widget-container\">\n\t\t\t\t\t\t\t\t\t<h3>A few milestones on our journey...<\/h3><p><strong>(1) The development of our knowledge and bug database <\/strong><br \/>During our service missions, we realised over time that some faults in the units occur again and again and that the technicians invest a lot of time on-site to find solutions. So the technicians started to document error images and solutions. Over time, this developed into the largest independent error and knowledge database for printers and MFPs.<\/p><p><strong>(2) The development of our inventory programme<\/strong><br \/>Always striving to further improve our service, we decided in 2006 that all affiliated service partners would work with a unified administration. This service administration was networked with all service partners and offered maximum transparency to both our clients and our partners. Clients could view their repair case in real time. Added to this was our MPS service with automated toner delivery to avoid equipment downtime due to missing consumables.<\/p><p><strong>(3) Even more quality enhancements<\/strong><br \/>In order to achieve maximum transparency about the LKS service points, each partner company had a partner profile that provides information about which competencies are available on-site. As a further quality enhancement, we are currently introducing a service certification in order to work in real-time with an electronic work card via tablet in the future.<\/p>\t\t\t\t\t\t\t\t<\/div>\n\t\t\t\t<\/div>\n\t\t\t\t\t<\/div>\n\t\t<\/div>\n\t\t\t\t<div class=\"elementor-column elementor-col-33 elementor-top-column elementor-element elementor-element-5bee5af\" data-id=\"5bee5af\" data-element_type=\"column\" data-e-type=\"column\">\n\t\t\t<div class=\"elementor-widget-wrap elementor-element-populated\">\n\t\t\t\t\t\t<div class=\"elementor-element elementor-element-ae6a335 elementor-widget elementor-widget-image\" data-id=\"ae6a335\" data-element_type=\"widget\" data-e-type=\"widget\" data-widget_type=\"image.default\">\n\t\t\t\t<div class=\"elementor-widget-container\">\n\t\t\t\t\t\t\t\t\t\t\t\t\t\t\t<img fetchpriority=\"high\" decoding=\"async\" width=\"800\" height=\"800\" src=\"https:\/\/www.lks-concept.de\/wp-content\/uploads\/2022\/09\/LKS-Service-Netzwerk-ueberuns-meilensteine-reise.jpg\" class=\"attachment-large size-large wp-image-393\" alt=\"LKS Service Network: About Us, Milestones of the Journey\" srcset=\"https:\/\/www.lks-concept.de\/wp-content\/uploads\/2022\/09\/LKS-Service-Netzwerk-ueberuns-meilensteine-reise.jpg 800w, https:\/\/www.lks-concept.de\/wp-content\/uploads\/2022\/09\/LKS-Service-Netzwerk-ueberuns-meilensteine-reise-300x300.jpg 300w, https:\/\/www.lks-concept.de\/wp-content\/uploads\/2022\/09\/LKS-Service-Netzwerk-ueberuns-meilensteine-reise-150x150.jpg 150w, https:\/\/www.lks-concept.de\/wp-content\/uploads\/2022\/09\/LKS-Service-Netzwerk-ueberuns-meilensteine-reise-768x768.jpg 768w\" sizes=\"(max-width: 800px) 100vw, 800px\" \/>\t\t\t\t\t\t\t\t\t\t\t\t\t\t\t<\/div>\n\t\t\t\t<\/div>\n\t\t\t\t\t<\/div>\n\t\t<\/div>\n\t\t\t\t\t<\/div>\n\t\t<\/section>\n\t\t\t\t<section class=\"elementor-section elementor-top-section elementor-element elementor-element-a185382 elementor-section-boxed elementor-section-height-default elementor-section-height-default\" data-id=\"a185382\" data-element_type=\"section\" data-e-type=\"section\" data-settings=\"{&quot;background_background&quot;:&quot;gradient&quot;}\">\n\t\t\t\t\t\t<div class=\"elementor-container elementor-column-gap-default\">\n\t\t\t\t\t<div class=\"elementor-column elementor-col-33 elementor-top-column elementor-element elementor-element-911db2b\" data-id=\"911db2b\" data-element_type=\"column\" data-e-type=\"column\">\n\t\t\t<div class=\"elementor-widget-wrap elementor-element-populated\">\n\t\t\t\t\t\t<div class=\"elementor-element elementor-element-6b13d5c elementor-widget elementor-widget-image\" data-id=\"6b13d5c\" data-element_type=\"widget\" data-e-type=\"widget\" data-widget_type=\"image.default\">\n\t\t\t\t<div class=\"elementor-widget-container\">\n\t\t\t\t\t\t\t\t\t\t\t\t\t\t\t<img decoding=\"async\" width=\"800\" height=\"800\" src=\"https:\/\/www.lks-concept.de\/wp-content\/uploads\/2022\/09\/LKS-Service-Netzwerk-ueberuns-erfolge.jpg\" class=\"attachment-large size-large wp-image-397\" alt=\"LKS Service Network. Our successes\" srcset=\"https:\/\/www.lks-concept.de\/wp-content\/uploads\/2022\/09\/LKS-Service-Netzwerk-ueberuns-erfolge.jpg 800w, https:\/\/www.lks-concept.de\/wp-content\/uploads\/2022\/09\/LKS-Service-Netzwerk-ueberuns-erfolge-300x300.jpg 300w, https:\/\/www.lks-concept.de\/wp-content\/uploads\/2022\/09\/LKS-Service-Netzwerk-ueberuns-erfolge-150x150.jpg 150w, https:\/\/www.lks-concept.de\/wp-content\/uploads\/2022\/09\/LKS-Service-Netzwerk-ueberuns-erfolge-768x768.jpg 768w\" sizes=\"(max-width: 800px) 100vw, 800px\" \/>\t\t\t\t\t\t\t\t\t\t\t\t\t\t\t<\/div>\n\t\t\t\t<\/div>\n\t\t\t\t\t<\/div>\n\t\t<\/div>\n\t\t\t\t<div class=\"elementor-column elementor-col-66 elementor-top-column elementor-element elementor-element-d09a752\" data-id=\"d09a752\" data-element_type=\"column\" data-e-type=\"column\">\n\t\t\t<div class=\"elementor-widget-wrap elementor-element-populated\">\n\t\t\t\t\t\t<div class=\"elementor-element elementor-element-1dae84d elementor-widget elementor-widget-text-editor\" data-id=\"1dae84d\" data-element_type=\"widget\" data-e-type=\"widget\" data-widget_type=\"text-editor.default\">\n\t\t\t\t<div class=\"elementor-widget-container\">\n\t\t\t\t\t\t\t\t\t<h3>We look back proudly on the successes of our family business<\/h3><p>1998 LKS\u00ae becomes a franchise system for the whole of Germany<br \/>1999 LKS\u00ae becomes a triple-protected trademark<br \/>2000 New construction of the LKS\u00ae headquarters with a new training centre<br \/>2003 Development of a franchise system into a cooperation model for specialised trade partners<br \/>2003 Dolphin sponsorships and christening of the \"LuKaS\" mascot<br \/>2003 Introduction of the LKS\u00ae archive and knowledge database<br \/>2004 Numerous awards, including \"2nd most innovative company in Bavaria\".<br \/>2004 Introduction of LKS\u00ae toner as own brand<br \/>2006 Supplier with all office equipment for the Football World Cup<br \/>2007 Support from the Federal Ministry of Research in the development of the 1st fine dust filter for pressure equipment. Development of the \"Secofix\" fine dust filter<br \/>2008 Completion of the LKS\u00ae inventory programme<br \/>2009 Successful test of our toners in the toner lab. DPEasy toner with highest quality<br \/>2010 LKS\u00ae inventory programme and equipment management software<br \/>2010 Development of spare parts lists for the technicians<br \/>2011 Outfitter for the Women's Football World Cup<br \/>2013 dpEasy becomes a protected trademark<br \/>2014 BioKlick campaign. LKS as an ecological and environmentally friendly repair service<br \/>2015 QuB Certification for the Quality Association of Environmentally Friendly Businesses<br \/>2016 Loyalty agreement for end customers<br \/>2018 Europe-wide installation of the LKS\u00ae units. The LKS\u00ae service management becomes bilingual<\/p>\t\t\t\t\t\t\t\t<\/div>\n\t\t\t\t<\/div>\n\t\t\t\t\t<\/div>\n\t\t<\/div>\n\t\t\t\t\t<\/div>\n\t\t<\/section>\n\t\t\t\t<\/div>","protected":false},"excerpt":{"rendered":"<p>\u00dcber das LKS\u00ae Service-Netzwerk der Concept GmbH Ein Netzwerk, das alle stark macht Jede gro\u00dfe Idee beginnt immer mit dem ersten Schritt. Unsere Idee war es, dass wir sowohl f\u00fcr Start-Ups mit zwei Arbeitspl\u00e4tzen als auch f\u00fcr gro\u00dfe Konzerne einen umfassenden Service anbieten k\u00f6nnen. Wir wollten nicht nur Neuger\u00e4te verkaufen, sondern f\u00fcr unsere Kunden dar\u00fcber [&hellip;]<\/p>\n","protected":false},"author":2,"featured_media":0,"parent":0,"menu_order":0,"comment_status":"closed","ping_status":"closed","template":"elementor_header_footer","meta":{"footnotes":""},"class_list":["post-100","page","type-page","status-publish","hentry"],"yoast_head":"<!-- This site is optimized with the Yoast SEO Premium plugin v27.4 (Yoast SEO v27.4) - https:\/\/yoast.com\/product\/yoast-seo-premium-wordpress\/ -->\n<title>\u00dcber uns - LKS\u00ae Druckger\u00e4te- und IT Services<\/title>\n<meta name=\"description\" content=\"\u00dcber das LKS\u00ae Service-Netzwerk der Concept GmbH. Ein Netzwerk, das alle stark macht \u27a4 erfahre hier mehr \u00fcber uns.\" \/>\n<meta name=\"robots\" content=\"index, follow, max-snippet:-1, max-image-preview:large, max-video-preview:-1\" \/>\n<link rel=\"canonical\" href=\"https:\/\/www.lks-concept.de\/en\/about-us\/\" \/>\n<meta property=\"og:locale\" content=\"en_GB\" \/>\n<meta property=\"og:type\" content=\"article\" \/>\n<meta property=\"og:title\" content=\"\u00dcber uns\" \/>\n<meta property=\"og:description\" content=\"\u00dcber das LKS\u00ae Service-Netzwerk der Concept GmbH. Ein Netzwerk, das alle stark macht \u27a4 erfahre hier mehr \u00fcber uns.\" \/>\n<meta property=\"og:url\" content=\"https:\/\/www.lks-concept.de\/en\/about-us\/\" \/>\n<meta property=\"og:site_name\" content=\"LKS\u00ae Druckger\u00e4te- und IT Services\" \/>\n<meta property=\"article:modified_time\" content=\"2022-10-05T07:43:34+00:00\" \/>\n<meta property=\"og:image\" content=\"https:\/\/www.lks-concept.de\/wp-content\/uploads\/2022\/09\/LKS-Service-Netzwerk-ueberuns-meilensteine-reise.jpg\" \/>\n<meta name=\"twitter:card\" content=\"summary_large_image\" \/>\n<meta name=\"twitter:label1\" content=\"Estimated reading time\" \/>\n\t<meta name=\"twitter:data1\" content=\"5 minutes\" \/>\n<script type=\"application\/ld+json\" class=\"yoast-schema-graph\">{\"@context\":\"https:\\\/\\\/schema.org\",\"@graph\":[{\"@type\":\"WebPage\",\"@id\":\"https:\\\/\\\/www.lks-concept.de\\\/ueber-uns\\\/\",\"url\":\"https:\\\/\\\/www.lks-concept.de\\\/ueber-uns\\\/\",\"name\":\"\u00dcber uns - LKS\u00ae Druckger\u00e4te- und IT Services\",\"isPartOf\":{\"@id\":\"https:\\\/\\\/www.lks-concept.de\\\/#website\"},\"primaryImageOfPage\":{\"@id\":\"https:\\\/\\\/www.lks-concept.de\\\/ueber-uns\\\/#primaryimage\"},\"image\":{\"@id\":\"https:\\\/\\\/www.lks-concept.de\\\/ueber-uns\\\/#primaryimage\"},\"thumbnailUrl\":\"https:\\\/\\\/www.lks-concept.de\\\/wp-content\\\/uploads\\\/2022\\\/09\\\/LKS-Service-Netzwerk-ueberuns-meilensteine-reise.jpg\",\"datePublished\":\"2022-09-02T11:37:28+00:00\",\"dateModified\":\"2022-10-05T07:43:34+00:00\",\"description\":\"\u00dcber das LKS\u00ae Service-Netzwerk der Concept GmbH. Ein Netzwerk, das alle stark macht \u27a4 erfahre hier mehr \u00fcber uns.\",\"breadcrumb\":{\"@id\":\"https:\\\/\\\/www.lks-concept.de\\\/ueber-uns\\\/#breadcrumb\"},\"inLanguage\":\"en-GB\",\"potentialAction\":[{\"@type\":\"ReadAction\",\"target\":[\"https:\\\/\\\/www.lks-concept.de\\\/ueber-uns\\\/\"]}]},{\"@type\":\"ImageObject\",\"inLanguage\":\"en-GB\",\"@id\":\"https:\\\/\\\/www.lks-concept.de\\\/ueber-uns\\\/#primaryimage\",\"url\":\"https:\\\/\\\/www.lks-concept.de\\\/wp-content\\\/uploads\\\/2022\\\/09\\\/LKS-Service-Netzwerk-ueberuns-meilensteine-reise.jpg\",\"contentUrl\":\"https:\\\/\\\/www.lks-concept.de\\\/wp-content\\\/uploads\\\/2022\\\/09\\\/LKS-Service-Netzwerk-ueberuns-meilensteine-reise.jpg\"},{\"@type\":\"BreadcrumbList\",\"@id\":\"https:\\\/\\\/www.lks-concept.de\\\/ueber-uns\\\/#breadcrumb\",\"itemListElement\":[{\"@type\":\"ListItem\",\"position\":1,\"name\":\"Startseite\",\"item\":\"https:\\\/\\\/www.lks-concept.de\\\/\"},{\"@type\":\"ListItem\",\"position\":2,\"name\":\"\u00dcber uns\"}]},{\"@type\":\"WebSite\",\"@id\":\"https:\\\/\\\/www.lks-concept.de\\\/#website\",\"url\":\"https:\\\/\\\/www.lks-concept.de\\\/\",\"name\":\"LKS\u00ae Druckger\u00e4te- und IT Services\",\"description\":\"F\u00fcr IT-Fachh\u00e4ndler, Unternehmen und Hersteller\",\"publisher\":{\"@id\":\"https:\\\/\\\/www.lks-concept.de\\\/#organization\"},\"potentialAction\":[{\"@type\":\"SearchAction\",\"target\":{\"@type\":\"EntryPoint\",\"urlTemplate\":\"https:\\\/\\\/www.lks-concept.de\\\/?s={search_term_string}\"},\"query-input\":{\"@type\":\"PropertyValueSpecification\",\"valueRequired\":true,\"valueName\":\"search_term_string\"}}],\"inLanguage\":\"en-GB\"},{\"@type\":\"Organization\",\"@id\":\"https:\\\/\\\/www.lks-concept.de\\\/#organization\",\"name\":\"LKS\u00ae Druckger\u00e4te- und IT Services\",\"url\":\"https:\\\/\\\/www.lks-concept.de\\\/\",\"logo\":{\"@type\":\"ImageObject\",\"inLanguage\":\"en-GB\",\"@id\":\"https:\\\/\\\/www.lks-concept.de\\\/#\\\/schema\\\/logo\\\/image\\\/\",\"url\":\"https:\\\/\\\/www.lks-concept.de\\\/wp-content\\\/uploads\\\/2022\\\/08\\\/cropped-LKS-logo-300dpi.png\",\"contentUrl\":\"https:\\\/\\\/www.lks-concept.de\\\/wp-content\\\/uploads\\\/2022\\\/08\\\/cropped-LKS-logo-300dpi.png\",\"width\":1103,\"height\":283,\"caption\":\"LKS\u00ae Druckger\u00e4te- und IT Services\"},\"image\":{\"@id\":\"https:\\\/\\\/www.lks-concept.de\\\/#\\\/schema\\\/logo\\\/image\\\/\"}}]}<\/script>\n<!-- \/ Yoast SEO Premium plugin. -->","yoast_head_json":{"title":"About us - LKS\u00ae printing equipment and IT services","description":"About the LKS\u00ae service network of Concept GmbH. A network that makes everyone strong \u27a4 find out more about us!","robots":{"index":"index","follow":"follow","max-snippet":"max-snippet:-1","max-image-preview":"max-image-preview:large","max-video-preview":"max-video-preview:-1"},"canonical":"https:\/\/www.lks-concept.de\/en\/about-us\/","og_locale":"en_GB","og_type":"article","og_title":"\u00dcber uns","og_description":"\u00dcber das LKS\u00ae Service-Netzwerk der Concept GmbH. Ein Netzwerk, das alle stark macht \u27a4 erfahre hier mehr \u00fcber uns.","og_url":"https:\/\/www.lks-concept.de\/en\/about-us\/","og_site_name":"LKS\u00ae Druckger\u00e4te- und IT Services","article_modified_time":"2022-10-05T07:43:34+00:00","og_image":[{"url":"https:\/\/www.lks-concept.de\/wp-content\/uploads\/2022\/09\/LKS-Service-Netzwerk-ueberuns-meilensteine-reise.jpg","type":"","width":"","height":""}],"twitter_card":"summary_large_image","twitter_misc":{"Estimated reading time":"5 minutes"},"schema":{"@context":"https:\/\/schema.org","@graph":[{"@type":"WebPage","@id":"https:\/\/www.lks-concept.de\/ueber-uns\/","url":"https:\/\/www.lks-concept.de\/ueber-uns\/","name":"About us - LKS\u00ae printing equipment and IT services","isPartOf":{"@id":"https:\/\/www.lks-concept.de\/#website"},"primaryImageOfPage":{"@id":"https:\/\/www.lks-concept.de\/ueber-uns\/#primaryimage"},"image":{"@id":"https:\/\/www.lks-concept.de\/ueber-uns\/#primaryimage"},"thumbnailUrl":"https:\/\/www.lks-concept.de\/wp-content\/uploads\/2022\/09\/LKS-Service-Netzwerk-ueberuns-meilensteine-reise.jpg","datePublished":"2022-09-02T11:37:28+00:00","dateModified":"2022-10-05T07:43:34+00:00","description":"About the LKS\u00ae service network of Concept GmbH. A network that makes everyone strong \u27a4 find out more about us!","breadcrumb":{"@id":"https:\/\/www.lks-concept.de\/ueber-uns\/#breadcrumb"},"inLanguage":"en-GB","potentialAction":[{"@type":"ReadAction","target":["https:\/\/www.lks-concept.de\/ueber-uns\/"]}]},{"@type":"ImageObject","inLanguage":"en-GB","@id":"https:\/\/www.lks-concept.de\/ueber-uns\/#primaryimage","url":"https:\/\/www.lks-concept.de\/wp-content\/uploads\/2022\/09\/LKS-Service-Netzwerk-ueberuns-meilensteine-reise.jpg","contentUrl":"https:\/\/www.lks-concept.de\/wp-content\/uploads\/2022\/09\/LKS-Service-Netzwerk-ueberuns-meilensteine-reise.jpg"},{"@type":"BreadcrumbList","@id":"https:\/\/www.lks-concept.de\/ueber-uns\/#breadcrumb","itemListElement":[{"@type":"ListItem","position":1,"name":"Startseite","item":"https:\/\/www.lks-concept.de\/"},{"@type":"ListItem","position":2,"name":"\u00dcber uns"}]},{"@type":"WebSite","@id":"https:\/\/www.lks-concept.de\/#website","url":"https:\/\/www.lks-concept.de\/","name":"LKS\u00ae printing equipment and IT services","description":"For IT resellers, companies and manufacturers","publisher":{"@id":"https:\/\/www.lks-concept.de\/#organization"},"potentialAction":[{"@type":"SearchAction","target":{"@type":"EntryPoint","urlTemplate":"https:\/\/www.lks-concept.de\/?s={search_term_string}"},"query-input":{"@type":"PropertyValueSpecification","valueRequired":true,"valueName":"search_term_string"}}],"inLanguage":"en-GB"},{"@type":"Organization","@id":"https:\/\/www.lks-concept.de\/#organization","name":"LKS\u00ae printing equipment and IT services","url":"https:\/\/www.lks-concept.de\/","logo":{"@type":"ImageObject","inLanguage":"en-GB","@id":"https:\/\/www.lks-concept.de\/#\/schema\/logo\/image\/","url":"https:\/\/www.lks-concept.de\/wp-content\/uploads\/2022\/08\/cropped-LKS-logo-300dpi.png","contentUrl":"https:\/\/www.lks-concept.de\/wp-content\/uploads\/2022\/08\/cropped-LKS-logo-300dpi.png","width":1103,"height":283,"caption":"LKS\u00ae Druckger\u00e4te- und IT Services"},"image":{"@id":"https:\/\/www.lks-concept.de\/#\/schema\/logo\/image\/"}}]}},"_links":{"self":[{"href":"https:\/\/www.lks-concept.de\/en\/wp-json\/wp\/v2\/pages\/100","targetHints":{"allow":["GET"]}}],"collection":[{"href":"https:\/\/www.lks-concept.de\/en\/wp-json\/wp\/v2\/pages"}],"about":[{"href":"https:\/\/www.lks-concept.de\/en\/wp-json\/wp\/v2\/types\/page"}],"author":[{"embeddable":true,"href":"https:\/\/www.lks-concept.de\/en\/wp-json\/wp\/v2\/users\/2"}],"replies":[{"embeddable":true,"href":"https:\/\/www.lks-concept.de\/en\/wp-json\/wp\/v2\/comments?post=100"}],"version-history":[{"count":50,"href":"https:\/\/www.lks-concept.de\/en\/wp-json\/wp\/v2\/pages\/100\/revisions"}],"predecessor-version":[{"id":2248,"href":"https:\/\/www.lks-concept.de\/en\/wp-json\/wp\/v2\/pages\/100\/revisions\/2248"}],"wp:attachment":[{"href":"https:\/\/www.lks-concept.de\/en\/wp-json\/wp\/v2\/media?parent=100"}],"curies":[{"name":"wp","href":"https:\/\/api.w.org\/{rel}","templated":true}]}}